{"id":854,"date":"2026-01-25T19:40:12","date_gmt":"2026-01-25T18:40:12","guid":{"rendered":"https:\/\/www.lostinlife.de\/?page_id=854"},"modified":"2026-01-25T19:40:12","modified_gmt":"2026-01-25T18:40:12","slug":"home-5","status":"publish","type":"page","link":"https:\/\/www.lostinlife.de\/en\/home-5\/","title":{"rendered":"Home"},"content":{"rendered":"<div class=\"wpb-content-wrapper\"><p>[vc_row full_width=&#8221;stretch_row&#8221; gap=&#8221;35&#8243; equal_height=&#8221;yes&#8221; content_placement=&#8221;middle&#8221; css=&#8221;.vc_custom_1769249087675{margin-top: 50px !important;}&#8221;][vc_column][vc_column_text css=&#8221;&#8221;]<\/p>\n<h1 style=\"color: #c62828; font-size: 72px; line-height: 1.2; text-align: center; font-family: 'Anton'; margin-bottom: 20px;\">Mein Weg zur\u00fcck ins Leben.<\/h1>\n<p>[\/vc_column_text][vc_row_inner][vc_column_inner][vc_column_text css=&#8221;&#8221;]<\/p>\n<h2 style=\"color: #4a4a4a; font-size: 45px; line-height: 1.3; text-align: center; font-family: 'Anton'; margin-bottom: 25px;\">Warum mein Schicksalsschlag meine gr\u00f6\u00dfte Chance wurde.<\/h2>\n<p>[\/vc_column_text][vc_column_text css=&#8221;&#8221;]<\/p>\n<h3 style=\"color: #555555; font-size: 28px; text-align: center; font-family: 'Anton';\">Meine Geschichte als Inspiration und Motivation f\u00fcr andere Betroffene.<\/h3>\n<p>[\/vc_column_text][\/vc_column_inner][\/vc_row_inner][\/vc_column][\/vc_row][vc_row full_width=&#8221;stretch_row&#8221; gap=&#8221;35&#8243; equal_height=&#8221;yes&#8221; content_placement=&#8221;top&#8221; css=&#8221;.vc_custom_1716758912353{padding-top: 40px !important;padding-bottom: 40px !important;}&#8221; el_id=&#8221;contact&#8221;][vc_column width=&#8221;1\/2&#8243;]<style type=\"text\/css\" data-type=\"the7_shortcodes-inline-css\">.shortcode-single-image-wrap.shortcode-single-image-5f949e888e5fa3ccd36192b51e447c03.enable-bg-rollover .rollover i,\n.shortcode-single-image-wrap.shortcode-single-image-5f949e888e5fa3ccd36192b51e447c03.enable-bg-rollover .rollover-video i {\n  background: -webkit-linear-gradient();\n  background: linear-gradient();\n}\n.shortcode-single-image-wrap.shortcode-single-image-5f949e888e5fa3ccd36192b51e447c03 .rollover-icon {\n  font-size: 32px;\n  color: #ffffff;\n  min-width: 44px;\n  min-height: 44px;\n  line-height: 44px;\n  border-radius: 100px;\n  border-style: solid;\n  border-width: 0px;\n}\n.dt-icon-bg-on.shortcode-single-image-wrap.shortcode-single-image-5f949e888e5fa3ccd36192b51e447c03 .rollover-icon {\n  background: rgba(255,255,255,0.3);\n  box-shadow: none;\n}<\/style><div class=\"shortcode-single-image-wrap shortcode-single-image-5f949e888e5fa3ccd36192b51e447c03 alignnone  enable-bg-rollover dt-icon-bg-off\" style=\"margin-top:0px; margin-bottom:0px; margin-left:0px; margin-right:0px; width:600px;\"><div class=\"shortcode-single-image\"><div class=\"fancy-media-wrap  layzr-bg\" style=\"\"><img fetchpriority=\"high\" decoding=\"async\" class=\"preload-me lazy-load aspect\" src=\"data:image\/svg+xml,%3Csvg%20xmlns%3D&#39;http%3A%2F%2Fwww.w3.org%2F2000%2Fsvg&#39;%20viewBox%3D&#39;0%200%20600%20600&#39;%2F%3E\" data-src=\"https:\/\/www.lostinlife.de\/wp-content\/uploads\/2024\/05\/martin-600x600.jpg\" data-srcset=\"https:\/\/www.lostinlife.de\/wp-content\/uploads\/2024\/05\/martin-600x600.jpg 600w, https:\/\/www.lostinlife.de\/wp-content\/uploads\/2024\/05\/martin-621x621.jpg 621w\" loading=\"eager\" sizes=\"(max-width: 600px) 100vw, 600px\" width=\"600\" height=\"600\"  data-dt-location=\"https:\/\/www.lostinlife.de\/en\/home\/martin\/\" style=\"--ratio: 600 \/ 600;\" alt=\"Martin Schulze\" \/><\/div><\/div><\/div>[\/vc_column][vc_column width=&#8221;1\/2&#8243;][vc_column_text css=&#8221;&#8221;]<\/p>\n<h3 style=\"color: #c62828; font-family: 'Anton'; text-transform: uppercase; letter-spacing: 1px; margin-bottom: 25px; line-height: 1.2;\">Lange Zeit dachte ich, ich bin unkaputtbar.<\/h3>\n<p style=\"color: #333333; font-size: 18px; line-height: 1.7; margin-bottom: 20px;\">Sport, Studium, Leben im Ausland, tolle Jobs \u2013 alles lief. Ein Schlaganfall mit 43 Jahren zeigte mir jedoch, wie falsch ich lag. Ob ich nun selbst schuld bin, weil ich zu viel gearbeitet habe, oder ob ein angeborener Herzfehler der Ausl\u00f6ser war, ist heute v\u00f6llig egal.<\/p>\n<p style=\"color: #333333; font-size: 17px; line-height: 1.7; margin-bottom: 25px;\">Es trifft Menschen jeden Alters und in jeder Lebenssituation. Ich bin einfach einer davon. Damals w\u00fcnschte ich mir Informationen, die f\u00fcr mich relevant sind und mir helfen, mein Leben zur\u00fcckzubekommen \u2013 oder mir zumindest einen Weg zeigen, wie ich mein Leben neu sortieren kann.<\/p>\n<p style=\"color: #c62828; font-size: 19px; font-family: 'Anton'; text-transform: uppercase;\">Genau daraus entstand <strong>Lost.In.Life<\/strong>.<\/p>\n<p>[\/vc_column_text][\/vc_column][\/vc_row][vc_row full_width=&#8221;stretch_row&#8221; gap=&#8221;35&#8243; equal_height=&#8221;yes&#8221; content_placement=&#8221;top&#8221; css=&#8221;.vc_custom_1716758912353{padding-top: 40px !important;padding-bottom: 40px !important;}&#8221;][vc_column width=&#8221;1\/2&#8243;][vc_column_text css=&#8221;&#8221;]<\/p>\n<h3 style=\"color: #c62828; font-family: 'Anton'; text-transform: uppercase; letter-spacing: 1px; margin-bottom: 25px; line-height: 1.2;\">Meine Mission: Orientierung geben.<\/h3>\n<p style=\"color: #333333; font-size: 18px; line-height: 1.7; margin-bottom: 20px;\">In der Zeit nach meinem Schlaganfall habe ich gemerkt, wie schwierig es ist, Informationen zu finden, die nicht nur medizinisch sind, sondern das echte Leben betreffen.Vor allem in jungen Jahren.<\/p>\n<p style=\"color: #333333; font-size: 17px; line-height: 1.7; margin-bottom: 25px;\">Mit <strong>Lost.In.Life<\/strong> m\u00f6chte ich genau diese L\u00fccke schlie\u00dfen. Ich m\u00f6chte zeigen, dass ein Neuanfang m\u00f6glich ist \u2013 auch wenn man sich am Anfang v\u00f6llig verloren f\u00fchlt. Es geht darum, sich gegenseitig zu st\u00fctzen und den Weg zur\u00fcck zu sich selbst zu finden.<\/p>\n<p>[\/vc_column_text][vc_btn title=&#8221;Das Buch entdecken&#8221; style=&#8221;outline-custom&#8221; outline_custom_color=&#8221;#C62828&#8243; outline_custom_hover_background=&#8221;#C62828&#8243; size=&#8221;lg&#8221; align=&#8221;left&#8221; css=&#8221;&#8221; link=&#8221;url:%23|&#8221;][\/vc_column][vc_column width=&#8221;1\/2&#8243;]<style type=\"text\/css\" data-type=\"the7_shortcodes-inline-css\">.shortcode-single-image-wrap.shortcode-single-image-3e87e7b281f808778311fa13dd9748c4.enable-bg-rollover .rollover i,\n.shortcode-single-image-wrap.shortcode-single-image-3e87e7b281f808778311fa13dd9748c4.enable-bg-rollover .rollover-video i {\n  background: -webkit-linear-gradient();\n  background: linear-gradient();\n}\n.shortcode-single-image-wrap.shortcode-single-image-3e87e7b281f808778311fa13dd9748c4 .rollover-icon {\n  font-size: 32px;\n  color: #ffffff;\n  min-width: 44px;\n  min-height: 44px;\n  line-height: 44px;\n  border-radius: 100px;\n  border-style: solid;\n  border-width: 0px;\n}\n.dt-icon-bg-on.shortcode-single-image-wrap.shortcode-single-image-3e87e7b281f808778311fa13dd9748c4 .rollover-icon {\n  background: rgba(255,255,255,0.3);\n  box-shadow: none;\n}<\/style><div class=\"shortcode-single-image-wrap shortcode-single-image-3e87e7b281f808778311fa13dd9748c4 alignnone  enable-bg-rollover dt-icon-bg-off\" style=\"margin-top:0px; margin-bottom:0px; margin-left:0px; margin-right:0px; width:600px;\"><div class=\"shortcode-single-image\"><div class=\"fancy-media-wrap  layzr-bg\" style=\"\"><img decoding=\"async\" class=\"preload-me lazy-load aspect\" src=\"data:image\/svg+xml,%3Csvg%20xmlns%3D&#39;http%3A%2F%2Fwww.w3.org%2F2000%2Fsvg&#39;%20viewBox%3D&#39;0%200%20600%20600&#39;%2F%3E\" data-src=\"https:\/\/www.lostinlife.de\/wp-content\/uploads\/2026\/01\/featured-image-1767513614-scaled-600x600.jpeg\" data-srcset=\"https:\/\/www.lostinlife.de\/wp-content\/uploads\/2026\/01\/featured-image-1767513614-scaled-600x600.jpeg 600w, https:\/\/www.lostinlife.de\/wp-content\/uploads\/2026\/01\/featured-image-1767513614-scaled-1200x1200.jpeg 1200w\" loading=\"eager\" sizes=\"(max-width: 600px) 100vw, 600px\" width=\"600\" height=\"600\"  data-dt-location=\"https:\/\/www.lostinlife.de\/en\/man-walking-up-long-wide-steps-toward-light-symbol-of-perseverance-ambition-and-success-3d-render\/\" style=\"--ratio: 600 \/ 600;\" alt=\"Hilfe und Orientierung Bild\" \/><\/div><\/div><\/div>[\/vc_column][\/vc_row]<\/p>\n<\/div>","protected":false},"excerpt":{"rendered":"<p>[vc_row full_width=&#8221;stretch_row&#8221; gap=&#8221;35&#8243; equal_height=&#8221;yes&#8221; content_placement=&#8221;middle&#8221; css=&#8221;.vc_custom_1769249087675{margin-top: 50px !important;}&#8221;][vc_column][vc_column_text css=&#8221;&#8221;] Mein Weg zur\u00fcck ins Leben. [\/vc_column_text][vc_row_inner][vc_column_inner][vc_column_text css=&#8221;&#8221;] Warum mein Schicksalsschlag meine gr\u00f6\u00dfte Chance wurde. [\/vc_column_text][vc_column_text css=&#8221;&#8221;] Meine Geschichte als Inspiration und Motivation f\u00fcr andere Betroffene. [\/vc_column_text][\/vc_column_inner][\/vc_row_inner][\/vc_column][\/vc_row][vc_row full_width=&#8221;stretch_row&#8221; gap=&#8221;35&#8243; equal_height=&#8221;yes&#8221; content_placement=&#8221;top&#8221; css=&#8221;.vc_custom_1716758912353{padding-top: 40px !important;padding-bottom: 40px !important;}&#8221; el_id=&#8221;contact&#8221;][vc_column width=&#8221;1\/2&#8243;][\/vc_column][vc_column width=&#8221;1\/2&#8243;][vc_column_text css=&#8221;&#8221;] Lange Zeit dachte ich, ich bin unkaputtbar.&hellip;<\/p>\n","protected":false},"author":3,"featured_media":0,"parent":0,"menu_order":1,"comment_status":"closed","ping_status":"closed","template":"","meta":{"iawp_total_views":1,"footnotes":""},"class_list":["post-854","page","type-page","status-publish","hentry","description-off"],"yoast_head":"<!-- This site is optimized with the Yoast SEO plugin v27.4 - https:\/\/yoast.com\/product\/yoast-seo-wordpress\/ -->\n<title>Home - Lost In Life<\/title>\n<meta name=\"robots\" content=\"index, follow, max-snippet:-1, max-image-preview:large, max-video-preview:-1\" \/>\n<link rel=\"canonical\" href=\"https:\/\/www.lostinlife.de\/en\/home-5\/\" \/>\n<meta property=\"og:locale\" content=\"en_US\" \/>\n<meta property=\"og:type\" content=\"article\" \/>\n<meta property=\"og:title\" content=\"Home - Lost In Life\" \/>\n<meta property=\"og:description\" content=\"[vc_row full_width=&#8221;stretch_row&#8221; gap=&#8221;35&#8243; equal_height=&#8221;yes&#8221; content_placement=&#8221;middle&#8221; css=&#8221;.vc_custom_1769249087675{margin-top: 50px !important;}&#8221;][vc_column][vc_column_text css=&#8221;&#8221;] Mein Weg zur\u00fcck ins Leben. [\/vc_column_text][vc_row_inner][vc_column_inner][vc_column_text css=&#8221;&#8221;] Warum mein Schicksalsschlag meine gr\u00f6\u00dfte Chance wurde. [\/vc_column_text][vc_column_text css=&#8221;&#8221;] Meine Geschichte als Inspiration und Motivation f\u00fcr andere Betroffene. [\/vc_column_text][\/vc_column_inner][\/vc_row_inner][\/vc_column][\/vc_row][vc_row full_width=&#8221;stretch_row&#8221; gap=&#8221;35&#8243; equal_height=&#8221;yes&#8221; content_placement=&#8221;top&#8221; css=&#8221;.vc_custom_1716758912353{padding-top: 40px !important;padding-bottom: 40px !important;}&#8221; el_id=&#8221;contact&#8221;][vc_column width=&#8221;1\/2&#8243;][\/vc_column][vc_column width=&#8221;1\/2&#8243;][vc_column_text css=&#8221;&#8221;] Lange Zeit dachte ich, ich bin unkaputtbar.&hellip;\" \/>\n<meta property=\"og:url\" content=\"https:\/\/www.lostinlife.de\/en\/home-5\/\" \/>\n<meta property=\"og:site_name\" content=\"Lost In Life\" \/>\n<meta name=\"twitter:card\" content=\"summary_large_image\" \/>\n<meta name=\"twitter:label1\" content=\"Est. reading time\" \/>\n\t<meta name=\"twitter:data1\" content=\"4 minutes\" \/>\n<script type=\"application\/ld+json\" class=\"yoast-schema-graph\">{\"@context\":\"https:\\\/\\\/schema.org\",\"@graph\":[{\"@type\":\"WebPage\",\"@id\":\"https:\\\/\\\/www.lostinlife.de\\\/en\\\/home-5\\\/\",\"url\":\"https:\\\/\\\/www.lostinlife.de\\\/en\\\/home-5\\\/\",\"name\":\"Home - Lost In Life\",\"isPartOf\":{\"@id\":\"https:\\\/\\\/www.lostinlife.de\\\/#website\"},\"datePublished\":\"2026-01-25T18:40:12+00:00\",\"breadcrumb\":{\"@id\":\"https:\\\/\\\/www.lostinlife.de\\\/en\\\/home-5\\\/#breadcrumb\"},\"inLanguage\":\"en-US\",\"potentialAction\":[{\"@type\":\"ReadAction\",\"target\":[\"https:\\\/\\\/www.lostinlife.de\\\/en\\\/home-5\\\/\"]}]},{\"@type\":\"BreadcrumbList\",\"@id\":\"https:\\\/\\\/www.lostinlife.de\\\/en\\\/home-5\\\/#breadcrumb\",\"itemListElement\":[{\"@type\":\"ListItem\",\"position\":1,\"name\":\"Startseite\",\"item\":\"https:\\\/\\\/www.lostinlife.de\\\/en\\\/\"},{\"@type\":\"ListItem\",\"position\":2,\"name\":\"Home\"}]},{\"@type\":\"WebSite\",\"@id\":\"https:\\\/\\\/www.lostinlife.de\\\/#website\",\"url\":\"https:\\\/\\\/www.lostinlife.de\\\/\",\"name\":\"Lebensretter Schlaganfall\",\"description\":\"Wie mein Schlaganfall mir das Leben rettete\",\"publisher\":{\"@id\":\"https:\\\/\\\/www.lostinlife.de\\\/#\\\/schema\\\/person\\\/6726366ca6bda37fd38b89e724f86132\"},\"potentialAction\":[{\"@type\":\"SearchAction\",\"target\":{\"@type\":\"EntryPoint\",\"urlTemplate\":\"https:\\\/\\\/www.lostinlife.de\\\/?s={search_term_string}\"},\"query-input\":{\"@type\":\"PropertyValueSpecification\",\"valueRequired\":true,\"valueName\":\"search_term_string\"}}],\"inLanguage\":\"en-US\"},{\"@type\":[\"Person\",\"Organization\"],\"@id\":\"https:\\\/\\\/www.lostinlife.de\\\/#\\\/schema\\\/person\\\/6726366ca6bda37fd38b89e724f86132\",\"name\":\"Martin Schulze\",\"image\":{\"@type\":\"ImageObject\",\"inLanguage\":\"en-US\",\"@id\":\"https:\\\/\\\/www.lostinlife.de\\\/wp-content\\\/uploads\\\/2024\\\/05\\\/martin.jpg\",\"url\":\"https:\\\/\\\/www.lostinlife.de\\\/wp-content\\\/uploads\\\/2024\\\/05\\\/martin.jpg\",\"contentUrl\":\"https:\\\/\\\/www.lostinlife.de\\\/wp-content\\\/uploads\\\/2024\\\/05\\\/martin.jpg\",\"width\":828,\"height\":621,\"caption\":\"Martin Schulze\"},\"logo\":{\"@id\":\"https:\\\/\\\/www.lostinlife.de\\\/wp-content\\\/uploads\\\/2024\\\/05\\\/martin.jpg\"}}]}<\/script>\n<!-- \/ Yoast SEO plugin. -->","yoast_head_json":{"title":"Home - Lost In Life","robots":{"index":"index","follow":"follow","max-snippet":"max-snippet:-1","max-image-preview":"max-image-preview:large","max-video-preview":"max-video-preview:-1"},"canonical":"https:\/\/www.lostinlife.de\/en\/home-5\/","og_locale":"en_US","og_type":"article","og_title":"Home - Lost In Life","og_description":"[vc_row full_width=&#8221;stretch_row&#8221; gap=&#8221;35&#8243; equal_height=&#8221;yes&#8221; content_placement=&#8221;middle&#8221; css=&#8221;.vc_custom_1769249087675{margin-top: 50px !important;}&#8221;][vc_column][vc_column_text css=&#8221;&#8221;] Mein Weg zur\u00fcck ins Leben. [\/vc_column_text][vc_row_inner][vc_column_inner][vc_column_text css=&#8221;&#8221;] Warum mein Schicksalsschlag meine gr\u00f6\u00dfte Chance wurde. [\/vc_column_text][vc_column_text css=&#8221;&#8221;] Meine Geschichte als Inspiration und Motivation f\u00fcr andere Betroffene. [\/vc_column_text][\/vc_column_inner][\/vc_row_inner][\/vc_column][\/vc_row][vc_row full_width=&#8221;stretch_row&#8221; gap=&#8221;35&#8243; equal_height=&#8221;yes&#8221; content_placement=&#8221;top&#8221; css=&#8221;.vc_custom_1716758912353{padding-top: 40px !important;padding-bottom: 40px !important;}&#8221; el_id=&#8221;contact&#8221;][vc_column width=&#8221;1\/2&#8243;][\/vc_column][vc_column width=&#8221;1\/2&#8243;][vc_column_text css=&#8221;&#8221;] Lange Zeit dachte ich, ich bin unkaputtbar.&hellip;","og_url":"https:\/\/www.lostinlife.de\/en\/home-5\/","og_site_name":"Lost In Life","twitter_card":"summary_large_image","twitter_misc":{"Est. reading time":"4 minutes"},"schema":{"@context":"https:\/\/schema.org","@graph":[{"@type":"WebPage","@id":"https:\/\/www.lostinlife.de\/en\/home-5\/","url":"https:\/\/www.lostinlife.de\/en\/home-5\/","name":"Home - Lost In Life","isPartOf":{"@id":"https:\/\/www.lostinlife.de\/#website"},"datePublished":"2026-01-25T18:40:12+00:00","breadcrumb":{"@id":"https:\/\/www.lostinlife.de\/en\/home-5\/#breadcrumb"},"inLanguage":"en-US","potentialAction":[{"@type":"ReadAction","target":["https:\/\/www.lostinlife.de\/en\/home-5\/"]}]},{"@type":"BreadcrumbList","@id":"https:\/\/www.lostinlife.de\/en\/home-5\/#breadcrumb","itemListElement":[{"@type":"ListItem","position":1,"name":"Startseite","item":"https:\/\/www.lostinlife.de\/en\/"},{"@type":"ListItem","position":2,"name":"Home"}]},{"@type":"WebSite","@id":"https:\/\/www.lostinlife.de\/#website","url":"https:\/\/www.lostinlife.de\/","name":"Lebensretter Schlaganfall","description":"Wie mein Schlaganfall mir das Leben rettete","publisher":{"@id":"https:\/\/www.lostinlife.de\/#\/schema\/person\/6726366ca6bda37fd38b89e724f86132"},"potentialAction":[{"@type":"SearchAction","target":{"@type":"EntryPoint","urlTemplate":"https:\/\/www.lostinlife.de\/?s={search_term_string}"},"query-input":{"@type":"PropertyValueSpecification","valueRequired":true,"valueName":"search_term_string"}}],"inLanguage":"en-US"},{"@type":["Person","Organization"],"@id":"https:\/\/www.lostinlife.de\/#\/schema\/person\/6726366ca6bda37fd38b89e724f86132","name":"Martin Schulze","image":{"@type":"ImageObject","inLanguage":"en-US","@id":"https:\/\/www.lostinlife.de\/wp-content\/uploads\/2024\/05\/martin.jpg","url":"https:\/\/www.lostinlife.de\/wp-content\/uploads\/2024\/05\/martin.jpg","contentUrl":"https:\/\/www.lostinlife.de\/wp-content\/uploads\/2024\/05\/martin.jpg","width":828,"height":621,"caption":"Martin Schulze"},"logo":{"@id":"https:\/\/www.lostinlife.de\/wp-content\/uploads\/2024\/05\/martin.jpg"}}]}},"_links":{"self":[{"href":"https:\/\/www.lostinlife.de\/en\/wp-json\/wp\/v2\/pages\/854","targetHints":{"allow":["GET"]}}],"collection":[{"href":"https:\/\/www.lostinlife.de\/en\/wp-json\/wp\/v2\/pages"}],"about":[{"href":"https:\/\/www.lostinlife.de\/en\/wp-json\/wp\/v2\/types\/page"}],"author":[{"embeddable":true,"href":"https:\/\/www.lostinlife.de\/en\/wp-json\/wp\/v2\/users\/3"}],"replies":[{"embeddable":true,"href":"https:\/\/www.lostinlife.de\/en\/wp-json\/wp\/v2\/comments?post=854"}],"version-history":[{"count":0,"href":"https:\/\/www.lostinlife.de\/en\/wp-json\/wp\/v2\/pages\/854\/revisions"}],"wp:attachment":[{"href":"https:\/\/www.lostinlife.de\/en\/wp-json\/wp\/v2\/media?parent=854"}],"curies":[{"name":"wp","href":"https:\/\/api.w.org\/{rel}","templated":true}]}}